{"id":560,"date":"2017-06-08T17:48:07","date_gmt":"2017-06-08T20:48:07","guid":{"rendered":"http:\/\/entreriosbasquet.com\/site\/?page_id=560"},"modified":"2017-06-08T21:37:52","modified_gmt":"2017-06-09T00:37:52","slug":"2015-2","status":"publish","type":"page","link":"https:\/\/entreriosbasquet.com\/site\/revista\/2015-2\/","title":{"rendered":"2015"},"content":{"rendered":"<p><strong>PUBLICACI\u00d3N N\u00b040 &#8211; Diciembre 2015<\/strong><\/p>\n<div data-url=\"https:\/\/issuu.com\/entreriosbasquet\/docs\/revista_entre_r__os_b__squet_-_nume_7b49c2361e0a97\" style=\"width: 640px; height: 455px;\" class=\"issuuembed\"><\/div>\n<p><script type=\"text\/javascript\" src=\"\/\/e.issuu.com\/embed.js\" async=\"true\"><\/script><\/p>\n<p><strong>PUBLICACI\u00d3N N\u00b039 &#8211; Noviembre 2015<\/strong><\/p>\n<div data-url=\"https:\/\/issuu.com\/entreriosbasquet\/docs\/revista_entre_r__os_b__squet_-_nume_74b87f4ee2ea38\" style=\"width: 640px; height: 455px;\" class=\"issuuembed\"><\/div>\n<p><script type=\"text\/javascript\" src=\"\/\/e.issuu.com\/embed.js\" async=\"true\"><\/script><\/p>\n<p><strong>PUBLICACI\u00d3N N\u00b038 &#8211; Octubre 2015<\/strong><\/p>\n<div data-url=\"https:\/\/issuu.com\/entreriosbasquet\/docs\/revista_entre_r__os_b__squet_-_nume_65fc1c35cba6ed\" style=\"width: 640px; height: 459px;\" class=\"issuuembed\"><\/div>\n<p><script type=\"text\/javascript\" src=\"\/\/e.issuu.com\/embed.js\" async=\"true\"><\/script><\/p>\n<p><strong>PUBLICACI\u00d3N ESPECIAL &#8211; Preol\u00edmpico M\u00e9xico &#8211; Septiembre 2015<\/strong><\/p>\n<div data-url=\"https:\/\/issuu.com\/entreriosbasquet\/docs\/revista_entre_r__os_b__squet_-_edic\" style=\"width: 640px; height: 454px;\" class=\"issuuembed\"><\/div>\n<p><script type=\"text\/javascript\" src=\"\/\/e.issuu.com\/embed.js\" async=\"true\"><\/script><\/p>\n<p><strong>PUBLICACI\u00d3N N\u00b037 &#8211; Septiembre 2015<\/strong><\/p>\n<div data-url=\"https:\/\/issuu.com\/entreriosbasquet\/docs\/revista_entre_r__os_b__squet_-_nume_248ce645b56756\" style=\"width: 640px; height: 453px;\" class=\"issuuembed\"><\/div>\n<p><script type=\"text\/javascript\" src=\"\/\/e.issuu.com\/embed.js\" async=\"true\"><\/script><\/p>\n<p><strong>PUBLICACI\u00d3N N\u00b036 &#8211; Agosto 2015<\/strong><\/p>\n<div data-url=\"https:\/\/issuu.com\/entreriosbasquet\/docs\/revista_entre_r__os_b__squet_-_nume_bd6b835085369a\" style=\"width: 640px; height: 453px;\" class=\"issuuembed\"><\/div>\n<p><script type=\"text\/javascript\" src=\"\/\/e.issuu.com\/embed.js\" async=\"true\"><\/script><\/p>\n<p><strong>PUBLICACI\u00d3N N\u00b035 &#8211; Julio 2015<\/strong><\/p>\n<div data-url=\"https:\/\/issuu.com\/entreriosbasquet\/docs\/revista_entre_r__os_b__squet_-_nume_a3eea207569fd6\" style=\"width: 640px; height: 453px;\" class=\"issuuembed\"><\/div>\n<p><script type=\"text\/javascript\" src=\"\/\/e.issuu.com\/embed.js\" async=\"true\"><\/script><\/p>\n<p><strong>PUBLICACI\u00d3N N\u00b034 &#8211; Junio 2015<\/strong><\/p>\n<div data-url=\"https:\/\/issuu.com\/entreriosbasquet\/docs\/revista_entre_r__os_b__squet_-_nume_7553ed30193800\" style=\"width: 640px; height: 453px;\" class=\"issuuembed\"><\/div>\n<p><script type=\"text\/javascript\" src=\"\/\/e.issuu.com\/embed.js\" async=\"true\"><\/script><\/p>\n<p><strong>PUBLICACI\u00d3N N\u00b033 &#8211; Mayo 2015<\/strong><\/p>\n<div data-url=\"https:\/\/issuu.com\/entreriosbasquet\/docs\/revista_entre_r__os_b__squet_-_nume_1f85be59c291b9\" style=\"width: 640px; height: 453px;\" class=\"issuuembed\"><\/div>\n<p><script type=\"text\/javascript\" src=\"\/\/e.issuu.com\/embed.js\" async=\"true\"><\/script><\/p>\n<p><strong>PUBLICACI\u00d3N N\u00b032 &#8211; Abril 2015<\/strong><\/p>\n<div data-url=\"https:\/\/issuu.com\/entreriosbasquet\/docs\/revista_entre_r__os_b__squet_-_nume_633d61cb33590d\" style=\"width: 640px; height: 453px;\" class=\"issuuembed\"><\/div>\n<p><script type=\"text\/javascript\" src=\"\/\/e.issuu.com\/embed.js\" async=\"true\"><\/script><\/p>\n<p><strong>PUBLICACI\u00d3N N\u00b031 &#8211; Marzo 2015<\/strong><\/p>\n<div data-url=\"https:\/\/issuu.com\/entreriosbasquet\/docs\/revista_entre_r__os_b__squet_-_nume_994b230824421c\" style=\"width: 640px; height: 453px;\" class=\"issuuembed\"><\/div>\n<p><script type=\"text\/javascript\" src=\"\/\/e.issuu.com\/embed.js\" async=\"true\"><\/script><\/p>\n<p><strong>PUBLICACI\u00d3N N\u00b030 &#8211; Febrero 2015<\/strong><\/p>\n<div data-url=\"https:\/\/issuu.com\/entreriosbasquet\/docs\/revista_entre_r__os_b__squet_-_nume_8f6901e4252110\" style=\"width: 640px; height: 453px;\" class=\"issuuembed\"><\/div>\n<p><script type=\"text\/javascript\" src=\"\/\/e.issuu.com\/embed.js\" async=\"true\"><\/script><\/p>\n<p><strong>PUBLICACI\u00d3N N\u00b029 &#8211; Enero 2015<\/strong><\/p>\n<div data-url=\"https:\/\/issuu.com\/entreriosbasquet\/docs\/revista_entre_r__os_b__squet_-_nume_7f7df0a2509a3d\" style=\"width: 640px; height: 453px;\" class=\"issuuembed\"><\/div>\n<p><script type=\"text\/javascript\" src=\"\/\/e.issuu.com\/embed.js\" async=\"true\"><\/script><br \/>\n<strong>VER PUBLICACIONES POR A\u00d1O<\/strong><\/p>\n<ul>\n<li><a href=\"http:\/\/entreriosbasquet.com\/site\/revista\/2017-2\/\">2017<\/a><\/li>\n<li><a href=\"http:\/\/entreriosbasquet.com\/site\/revista\/2016-2\/\">2016<\/a><\/li>\n<li><a href=\"http:\/\/entreriosbasquet.com\/site\/revista\/2015-2\/\">2015<\/a><\/li>\n<li><a href=\"http:\/\/entreriosbasquet.com\/site\/revista\/2014-2\/\">2014<\/a><\/li>\n<li><a href=\"http:\/\/entreriosbasquet.com\/site\/revista\/2013-2\/\">2013<\/a><\/li>\n<li><a href=\"http:\/\/entreriosbasquet.com\/site\/revista\/2012-2\/\">2012<\/a><\/li>\n<\/ul>\n","protected":false},"excerpt":{"rendered":"<p>PUBLICACI\u00d3N N\u00b040 &#8211; Diciembre 2015 PUBLICACI\u00d3N N\u00b039 &#8211; Noviembre 2015 PUBLICACI\u00d3N N\u00b038 &#8211; Octubre 2015 PUBLICACI\u00d3N ESPECIAL &#8211; Preol\u00edmpico M\u00e9xico &#8211; Septiembre 2015 PUBLICACI\u00d3N N\u00b037 &#8211; Septiembre 2015 PUBLICACI\u00d3N N\u00b036 &#8211; Agosto 2015 PUBLICACI\u00d3N N\u00b035 &#8211; Julio 2015 PUBLICACI\u00d3N N\u00b034 &#8211; Junio 2015 PUBLICACI\u00d3N N\u00b033 &#8211; Mayo 2015 PUBLICACI\u00d3N N\u00b032 &#8211; Abril 2015 PUBLICACI\u00d3N N\u00b031 [&hellip;]<\/p>\n","protected":false},"author":1,"featured_media":0,"parent":2,"menu_order":0,"comment_status":"closed","ping_status":"closed","template":"","meta":[],"_links":{"self":[{"href":"https:\/\/entreriosbasquet.com\/site\/wp-json\/wp\/v2\/pages\/560"}],"collection":[{"href":"https:\/\/entreriosbasquet.com\/site\/wp-json\/wp\/v2\/pages"}],"about":[{"href":"https:\/\/entreriosbasquet.com\/site\/wp-json\/wp\/v2\/types\/page"}],"author":[{"embeddable":true,"href":"https:\/\/entreriosbasquet.com\/site\/wp-json\/wp\/v2\/users\/1"}],"replies":[{"embeddable":true,"href":"https:\/\/entreriosbasquet.com\/site\/wp-json\/wp\/v2\/comments?post=560"}],"version-history":[{"count":6,"href":"https:\/\/entreriosbasquet.com\/site\/wp-json\/wp\/v2\/pages\/560\/revisions"}],"predecessor-version":[{"id":619,"href":"https:\/\/entreriosbasquet.com\/site\/wp-json\/wp\/v2\/pages\/560\/revisions\/619"}],"up":[{"embeddable":true,"href":"https:\/\/entreriosbasquet.com\/site\/wp-json\/wp\/v2\/pages\/2"}],"wp:attachment":[{"href":"https:\/\/entreriosbasquet.com\/site\/wp-json\/wp\/v2\/media?parent=560"}],"curies":[{"name":"wp","href":"https:\/\/api.w.org\/{rel}","templated":true}]}}