{"id":558,"date":"2017-06-08T17:47:50","date_gmt":"2017-06-08T20:47:50","guid":{"rendered":"http:\/\/entreriosbasquet.com\/site\/?page_id=558"},"modified":"2017-06-08T20:59:29","modified_gmt":"2017-06-08T23:59:29","slug":"2014-2","status":"publish","type":"page","link":"https:\/\/entreriosbasquet.com\/site\/revista\/2014-2\/","title":{"rendered":"2014"},"content":{"rendered":"<p><strong>PUBLICACI\u00d3N N\u00b028 &#8211; Diciembre 2014<\/strong><\/p>\n<div data-url=\"https:\/\/issuu.com\/entreriosbasquet\/docs\/revista_entre_r__os_b__squet_-_nume_183ffdfb65c975\" style=\"width: 640px; height: 453px;\" class=\"issuuembed\"><\/div>\n<p><script type=\"text\/javascript\" src=\"\/\/e.issuu.com\/embed.js\" async=\"true\"><\/script><\/p>\n<p><strong>PUBLICACI\u00d3N N\u00b027 &#8211; Noviembre 2014<\/strong><\/p>\n<div data-url=\"https:\/\/issuu.com\/entreriosbasquet\/docs\/revista_entre_r__os_b__squet_-_nume_b897e8a6e10725\" style=\"width: 640px; height: 453px;\" class=\"issuuembed\"><\/div>\n<p><script type=\"text\/javascript\" src=\"\/\/e.issuu.com\/embed.js\" async=\"true\"><\/script><\/p>\n<p><strong>PUBLICACI\u00d3N ESPECIAL &#8211; Mundial de Espa\u00f1a &#8211; Octubre 2014<\/strong><\/p>\n<div data-url=\"https:\/\/issuu.com\/entreriosbasquet\/docs\/revista_entre_r__os_b__squet_-_nume_91e8b2a639857a\" style=\"width: 640px; height: 453px;\" class=\"issuuembed\"><\/div>\n<p><script type=\"text\/javascript\" src=\"\/\/e.issuu.com\/embed.js\" async=\"true\"><\/script><\/p>\n<p><strong>PUBLICACI\u00d3N N\u00b026 &#8211; Octubre 2014<\/strong><\/p>\n<div data-url=\"https:\/\/issuu.com\/entreriosbasquet\/docs\/revista_entre_r__os_b__squet_-_nume_ebf9845ff4004d\" style=\"width: 640px; height: 453px;\" class=\"issuuembed\"><\/div>\n<p><script type=\"text\/javascript\" src=\"\/\/e.issuu.com\/embed.js\" async=\"true\"><\/script><\/p>\n<p><strong>PUBLICACI\u00d3N N\u00b025 &#8211; Septiembre 2014<\/strong><\/p>\n<div data-url=\"https:\/\/issuu.com\/entreriosbasquet\/docs\/revista_entre_r__os_b__squet_-_nume_374759a5f561d1\" style=\"width: 640px; height: 453px;\" class=\"issuuembed\"><\/div>\n<p><script type=\"text\/javascript\" src=\"\/\/e.issuu.com\/embed.js\" async=\"true\"><\/script><\/p>\n<p><strong>PUBLICACI\u00d3N N\u00b024 &#8211; Agosto 2014<\/strong><\/p>\n<div data-url=\"https:\/\/issuu.com\/entreriosbasquet\/docs\/revista_entre_r__os_b__squet_-_nume_8462d5f853352a\" style=\"width: 640px; height: 453px;\" class=\"issuuembed\"><\/div>\n<p><script type=\"text\/javascript\" src=\"\/\/e.issuu.com\/embed.js\" async=\"true\"><\/script><\/p>\n<p><strong>PUBLICACI\u00d3N N\u00b023 &#8211; Julio 2014<\/strong><\/p>\n<div data-url=\"https:\/\/issuu.com\/entreriosbasquet\/docs\/revista_entre_r__os_b__squet_-_nume_26679a544df372\" style=\"width: 640px; height: 453px;\" class=\"issuuembed\"><\/div>\n<p><script type=\"text\/javascript\" src=\"\/\/e.issuu.com\/embed.js\" async=\"true\"><\/script><\/p>\n<p><strong>PUBLICACI\u00d3N N\u00b022 &#8211; Junio 2014<\/strong><\/p>\n<div data-url=\"https:\/\/issuu.com\/entreriosbasquet\/docs\/revista_entre_r__os_b__squet_-_nume_ac865002708e36\" style=\"width: 640px; height: 453px;\" class=\"issuuembed\"><\/div>\n<p><script type=\"text\/javascript\" src=\"\/\/e.issuu.com\/embed.js\" async=\"true\"><\/script><\/p>\n<p><strong>PUBLICACI\u00d3N N\u00b021 &#8211; Mayo\u00a02014<\/strong><\/p>\n<div data-url=\"https:\/\/issuu.com\/entreriosbasquet\/docs\/revista_entre_r__os_b__squet_-_nume_924e04e590531d\" style=\"width: 640px; height: 453px;\" class=\"issuuembed\"><\/div>\n<p><script type=\"text\/javascript\" src=\"\/\/e.issuu.com\/embed.js\" async=\"true\"><\/script><\/p>\n<p><strong>PUBLICACI\u00d3N N\u00b020 &#8211; Abril 2014<\/strong><\/p>\n<div data-url=\"https:\/\/issuu.com\/entreriosbasquet\/docs\/revista_entre_r__os_b__squet_-_nume_782814fe0b298b\" style=\"width: 640px; height: 453px;\" class=\"issuuembed\"><\/div>\n<p><script type=\"text\/javascript\" src=\"\/\/e.issuu.com\/embed.js\" async=\"true\"><\/script><\/p>\n<p><strong>PUBLICACI\u00d3N N\u00b019 &#8211; Marzo 2014<\/strong><\/p>\n<div data-url=\"https:\/\/issuu.com\/entreriosbasquet\/docs\/revista_entre_r__os_b__squet_-_nume_3f55054d5f12e8\" style=\"width: 640px; height: 453px;\" class=\"issuuembed\"><\/div>\n<p><script type=\"text\/javascript\" src=\"\/\/e.issuu.com\/embed.js\" async=\"true\"><\/script><\/p>\n<p><strong>PUBLICACI\u00d3N N\u00b018 &#8211; Febrero 2014<\/strong><\/p>\n<div data-url=\"https:\/\/issuu.com\/entreriosbasquet\/docs\/revista_entre_r__os_b__squet_-_nume_deb5c7c5be281d\" style=\"width: 640px; height: 453px;\" class=\"issuuembed\"><\/div>\n<p><script type=\"text\/javascript\" src=\"\/\/e.issuu.com\/embed.js\" async=\"true\"><\/script><\/p>\n<p><strong>PUBLICACI\u00d3N N\u00b017 &#8211; Enero 2014<\/strong><\/p>\n<div data-url=\"https:\/\/issuu.com\/entreriosbasquet\/docs\/revista_entre_r__os_b__squet_-_nume\" style=\"width: 640px; height: 453px;\" class=\"issuuembed\"><\/div>\n<p><script type=\"text\/javascript\" src=\"\/\/e.issuu.com\/embed.js\" async=\"true\"><\/script><\/p>\n<p><strong>VER PUBLICACIONES POR A\u00d1O<\/strong><\/p>\n<ul>\n<li><a href=\"http:\/\/entreriosbasquet.com\/site\/revista\/2017-2\/\">2017<\/a><\/li>\n<li><a href=\"http:\/\/entreriosbasquet.com\/site\/revista\/2016-2\/\">2016<\/a><\/li>\n<li><a href=\"http:\/\/entreriosbasquet.com\/site\/revista\/2015-2\/\">2015<\/a><\/li>\n<li><a href=\"http:\/\/entreriosbasquet.com\/site\/revista\/2014-2\/\">2014<\/a><\/li>\n<li><a href=\"http:\/\/entreriosbasquet.com\/site\/revista\/2013-2\/\">2013<\/a><\/li>\n<li><a href=\"http:\/\/entreriosbasquet.com\/site\/revista\/2012-2\/\">2012<\/a><\/li>\n<\/ul>\n","protected":false},"excerpt":{"rendered":"<p>PUBLICACI\u00d3N N\u00b028 &#8211; Diciembre 2014 PUBLICACI\u00d3N N\u00b027 &#8211; Noviembre 2014 PUBLICACI\u00d3N ESPECIAL &#8211; Mundial de Espa\u00f1a &#8211; Octubre 2014 PUBLICACI\u00d3N N\u00b026 &#8211; Octubre 2014 PUBLICACI\u00d3N N\u00b025 &#8211; Septiembre 2014 PUBLICACI\u00d3N N\u00b024 &#8211; Agosto 2014 PUBLICACI\u00d3N N\u00b023 &#8211; Julio 2014 PUBLICACI\u00d3N N\u00b022 &#8211; Junio 2014 PUBLICACI\u00d3N N\u00b021 &#8211; Mayo\u00a02014 PUBLICACI\u00d3N N\u00b020 &#8211; Abril 2014 PUBLICACI\u00d3N N\u00b019 [&hellip;]<\/p>\n","protected":false},"author":1,"featured_media":0,"parent":2,"menu_order":0,"comment_status":"closed","ping_status":"closed","template":"","meta":[],"_links":{"self":[{"href":"https:\/\/entreriosbasquet.com\/site\/wp-json\/wp\/v2\/pages\/558"}],"collection":[{"href":"https:\/\/entreriosbasquet.com\/site\/wp-json\/wp\/v2\/pages"}],"about":[{"href":"https:\/\/entreriosbasquet.com\/site\/wp-json\/wp\/v2\/types\/page"}],"author":[{"embeddable":true,"href":"https:\/\/entreriosbasquet.com\/site\/wp-json\/wp\/v2\/users\/1"}],"replies":[{"embeddable":true,"href":"https:\/\/entreriosbasquet.com\/site\/wp-json\/wp\/v2\/comments?post=558"}],"version-history":[{"count":4,"href":"https:\/\/entreriosbasquet.com\/site\/wp-json\/wp\/v2\/pages\/558\/revisions"}],"predecessor-version":[{"id":603,"href":"https:\/\/entreriosbasquet.com\/site\/wp-json\/wp\/v2\/pages\/558\/revisions\/603"}],"up":[{"embeddable":true,"href":"https:\/\/entreriosbasquet.com\/site\/wp-json\/wp\/v2\/pages\/2"}],"wp:attachment":[{"href":"https:\/\/entreriosbasquet.com\/site\/wp-json\/wp\/v2\/media?parent=558"}],"curies":[{"name":"wp","href":"https:\/\/api.w.org\/{rel}","templated":true}]}}