{"id":571,"date":"2017-06-08T18:20:42","date_gmt":"2017-06-08T21:20:42","guid":{"rendered":"http:\/\/entreriosbasquet.com\/site\/?page_id=571"},"modified":"2024-01-18T17:21:48","modified_gmt":"2024-01-18T20:21:48","slug":"sobre-nostros","status":"publish","type":"page","link":"http:\/\/entreriosbasquet.com\/site\/sobre-nostros\/","title":{"rendered":"Sobre Nosotros"},"content":{"rendered":"<p><strong>MAR\u00cdA CECILIA ZACAR\u00cdAS &#8211; NICOL\u00c1S DENIZ<\/strong><\/p>\n<p style=\"text-align: justify;\">Periodistas deportivos recibidos. Marido y mujer, felizmente casados en 2013 y papas de Thiago y Martina. Juntos hemos cubierto diferentes competencias provinciales y nacionales. Hemos trabajado en torneos internacionales en los \u00faltimos a\u00f1os (Preol\u00edmpico Mar del Plata 2011, Mundial Espa\u00f1a 2014, Preol\u00edmpico M\u00e9xico 2015, Juegos Ol\u00edmpicos R\u00edo 2016, Americup 2017, ventanas FIBA, entre otros) y partidos de la NBA.<\/p>\n<p style=\"text-align: justify;\"><img decoding=\"async\" loading=\"lazy\" class=\"alignnone size-full wp-image-594\" src=\"http:\/\/entreriosbasquet.com\/site\/wp-content\/uploads\/2017\/06\/entreriosbasquet01.jpg\" alt=\"\" width=\"1558\" height=\"916\" srcset=\"http:\/\/entreriosbasquet.com\/site\/wp-content\/uploads\/2017\/06\/entreriosbasquet01.jpg 1558w, http:\/\/entreriosbasquet.com\/site\/wp-content\/uploads\/2017\/06\/entreriosbasquet01-300x176.jpg 300w, http:\/\/entreriosbasquet.com\/site\/wp-content\/uploads\/2017\/06\/entreriosbasquet01-768x452.jpg 768w, http:\/\/entreriosbasquet.com\/site\/wp-content\/uploads\/2017\/06\/entreriosbasquet01-1024x602.jpg 1024w, http:\/\/entreriosbasquet.com\/site\/wp-content\/uploads\/2017\/06\/entreriosbasquet01-696x409.jpg 696w, http:\/\/entreriosbasquet.com\/site\/wp-content\/uploads\/2017\/06\/entreriosbasquet01-1068x628.jpg 1068w, http:\/\/entreriosbasquet.com\/site\/wp-content\/uploads\/2017\/06\/entreriosbasquet01-714x420.jpg 714w\" sizes=\"(max-width: 1558px) 100vw, 1558px\" \/><\/p>\n<p style=\"text-align: justify;\">Creamos Entre R\u00edos B\u00e1squet en julio del 2012 como una apuesta al crecimiento comunicacional del b\u00e1squet entrerriano y estamos comprometidos en continuar por este camino.\u00a0Hoy recorremos la provincia\u00a0donde haya una pelota picando.\u00a0La transparencia y la honestidad son los pilares fundamentales de nuestro trabajo.<\/p>\n<p style=\"text-align: justify;\"><img decoding=\"async\" loading=\"lazy\" class=\"alignnone size-full wp-image-590\" src=\"http:\/\/entreriosbasquet.com\/site\/wp-content\/uploads\/2017\/06\/stand.jpg\" alt=\"\" width=\"758\" height=\"455\" srcset=\"http:\/\/entreriosbasquet.com\/site\/wp-content\/uploads\/2017\/06\/stand.jpg 758w, http:\/\/entreriosbasquet.com\/site\/wp-content\/uploads\/2017\/06\/stand-300x180.jpg 300w, http:\/\/entreriosbasquet.com\/site\/wp-content\/uploads\/2017\/06\/stand-696x418.jpg 696w, http:\/\/entreriosbasquet.com\/site\/wp-content\/uploads\/2017\/06\/stand-700x420.jpg 700w\" sizes=\"(max-width: 758px) 100vw, 758px\" \/><\/p>\n","protected":false},"excerpt":{"rendered":"<p>MAR\u00cdA CECILIA ZACAR\u00cdAS &#8211; NICOL\u00c1S DENIZ Periodistas deportivos recibidos. Marido y mujer, felizmente casados en 2013 y papas de Thiago y Martina. Juntos hemos cubierto diferentes competencias provinciales y nacionales. Hemos trabajado en torneos internacionales en los \u00faltimos a\u00f1os (Preol\u00edmpico Mar del Plata 2011, Mundial Espa\u00f1a 2014, Preol\u00edmpico M\u00e9xico 2015, Juegos Ol\u00edmpicos R\u00edo 2016, Americup [&hellip;]<\/p>\n","protected":false},"author":1,"featured_media":0,"parent":0,"menu_order":0,"comment_status":"closed","ping_status":"open","template":"","meta":[],"_links":{"self":[{"href":"http:\/\/entreriosbasquet.com\/site\/wp-json\/wp\/v2\/pages\/571"}],"collection":[{"href":"http:\/\/entreriosbasquet.com\/site\/wp-json\/wp\/v2\/pages"}],"about":[{"href":"http:\/\/entreriosbasquet.com\/site\/wp-json\/wp\/v2\/types\/page"}],"author":[{"embeddable":true,"href":"http:\/\/entreriosbasquet.com\/site\/wp-json\/wp\/v2\/users\/1"}],"replies":[{"embeddable":true,"href":"http:\/\/entreriosbasquet.com\/site\/wp-json\/wp\/v2\/comments?post=571"}],"version-history":[{"count":11,"href":"http:\/\/entreriosbasquet.com\/site\/wp-json\/wp\/v2\/pages\/571\/revisions"}],"predecessor-version":[{"id":16397,"href":"http:\/\/entreriosbasquet.com\/site\/wp-json\/wp\/v2\/pages\/571\/revisions\/16397"}],"wp:attachment":[{"href":"http:\/\/entreriosbasquet.com\/site\/wp-json\/wp\/v2\/media?parent=571"}],"curies":[{"name":"wp","href":"https:\/\/api.w.org\/{rel}","templated":true}]}}